{"id":208,"date":"2019-06-17T12:04:06","date_gmt":"2019-06-17T10:04:06","guid":{"rendered":"http:\/\/aikido.tuchola.pl\/?page_id=208"},"modified":"2019-06-21T14:34:26","modified_gmt":"2019-06-21T12:34:26","slug":"aikido-i-dzieci","status":"publish","type":"page","link":"https:\/\/aikido.tuchola.pl\/?page_id=208","title":{"rendered":"AIKIDO i dzieci"},"content":{"rendered":"\n<p>Dzisiejsze systemy sztuk walki nawi\u0105zuj\u0105 w istotny spos\u00f3b do wsp\u00f3\u0142czesnej psychologii i pedagogiki, ucz\u0105 zachowania stanowczego, ale \u0142agodnego, dobrych manier w po\u0142\u0105czeniu z pe\u0142n\u0105 kontrol\u0105 swojego zachowania. W aikido szczeg\u00f3lny nacisk k\u0142adzie si\u0119 na nieagresywne zachowanie, a obrona w sytuacji koniecznej zawiera strategi\u0119 naturalnego wykorzystania ataku przeciwnika i obr\u00f3ceniu go przeciwko niemu. Przy wi\u0119kszo\u015bci klub\u00f3w aikido w naszym kraju powstaj\u0105 mniejsze lub wi\u0119ksze sekcje dzieci\u0119ce. Podczas \u0107wicze\u0144 z dzie\u0107mi buduje si\u0119 osobowo\u015b\u0107 m\u0142odego cz\u0142owieka zdoln\u0105 do racjonalnego dzia\u0142ania. Dzi\u0119ki treningowi odbywaj\u0105cemu si\u0119 w mi\u0142ej i pogodnej atmosferze dziecko nie nabywa z\u0142ych i agresywnych nawyk\u00f3w. Uczy si\u0119 w zamian panowania nad w\u0142asnymi odruchami, koordynacji ruch\u00f3w, swobody w \u0107wiczeniach z partnerem oraz przewidywania skutk\u00f3w dzia\u0142ania w\u0142asnego i innych. Metoda treningowa aikido przy wielkiej dba\u0142o\u015bci o psychik\u0119 dziecka nie pozostawia r\u00f3wnie\u017c w tyle jego rozwoju fizycznego. Uwzgl\u0119dnia ona w\u0142a\u015bciwo\u015bci korektywne i kompensuj\u0105ce wielu \u0107wicze\u0144 stosowanych na zaj\u0119ciach. Pady i przewroty, kt\u00f3re s\u0105 sta\u0142ym elementem technicznym, daj\u0105 dzieciom zar\u00f3wno mo\u017cliwo\u015b\u0107 wyzwolenia zasob\u00f3w energii jak i wykszta\u0142cenia nawyk\u00f3w ruchowych maj\u0105cych zastosowanie w sytuacjach wyst\u0119puj\u0105cych poza sal\u0105 treningow\u0105. Zaj\u0119cia aikido dla dzieci w istotny spos\u00f3b r\u00f3\u017cni\u0105 si\u0119 od zaj\u0119\u0107 dla doros\u0142ych. Przede wszystkim najwi\u0119ksz\u0105 uwag\u0119 przywi\u0105zuje si\u0119 do bezpiecze\u0144stwa. W treningach z najm\u0142odszymi nie stosuje si\u0119 takich element\u00f3w obci\u0105\u017caj\u0105cych jak na przyk\u0142ad d\u017awignie na stawy, wysokie rzuty itp. Ponadto w pracy z dzie\u0107mi stosuje si\u0119 zasad\u0119 &#8222;nauki przez zabaw\u0119&#8221;. W czasie treningu organizuje si\u0119 wiele zabaw ruchowych, w kt\u00f3rych aikido jest tylko jednym z element\u00f3w <br>Na podstawie Biuletynu PFA wydanego z okazji 20-lecia Polskiej Federacji Aikido.  <\/p>\n","protected":false},"excerpt":{"rendered":"<p>Dzisiejsze systemy sztuk walki nawi\u0105zuj\u0105 w istotny spos\u00f3b do wsp\u00f3\u0142czesnej psychologii i pedagogiki, ucz\u0105 zachowania stanowczego, ale \u0142agodnego, dobrych manier w po\u0142\u0105czeniu z pe\u0142n\u0105 kontrol\u0105 swojego zachowania. W aikido szczeg\u00f3lny &hellip; <a class=\"readmore\" href=\"https:\/\/aikido.tuchola.pl\/?page_id=208\">Continue Reading &rarr;<\/a><\/p>\n","protected":false},"author":1,"featured_media":0,"parent":0,"menu_order":0,"comment_status":"closed","ping_status":"closed","template":"","meta":[],"_links":{"self":[{"href":"https:\/\/aikido.tuchola.pl\/index.php?rest_route=\/wp\/v2\/pages\/208"}],"collection":[{"href":"https:\/\/aikido.tuchola.pl\/index.php?rest_route=\/wp\/v2\/pages"}],"about":[{"href":"https:\/\/aikido.tuchola.pl\/index.php?rest_route=\/wp\/v2\/types\/page"}],"author":[{"embeddable":true,"href":"https:\/\/aikido.tuchola.pl\/index.php?rest_route=\/wp\/v2\/users\/1"}],"replies":[{"embeddable":true,"href":"https:\/\/aikido.tuchola.pl\/index.php?rest_route=%2Fwp%2Fv2%2Fcomments&post=208"}],"version-history":[{"count":1,"href":"https:\/\/aikido.tuchola.pl\/index.php?rest_route=\/wp\/v2\/pages\/208\/revisions"}],"predecessor-version":[{"id":209,"href":"https:\/\/aikido.tuchola.pl\/index.php?rest_route=\/wp\/v2\/pages\/208\/revisions\/209"}],"wp:attachment":[{"href":"https:\/\/aikido.tuchola.pl\/index.php?rest_route=%2Fwp%2Fv2%2Fmedia&parent=208"}],"curies":[{"name":"wp","href":"https:\/\/api.w.org\/{rel}","templated":true}]}}